{"id":1558,"date":"2022-02-21T22:31:49","date_gmt":"2022-02-21T21:31:49","guid":{"rendered":"https:\/\/boutique.bouvet-jabloir.ch\/produit\/pinot-noir-legende-2021\/"},"modified":"2024-08-06T14:41:07","modified_gmt":"2024-08-06T12:41:07","slug":"pinot-noir-legende-2021","status":"publish","type":"product","link":"https:\/\/boutique.bouvet-jabloir.ch\/de\/produkt\/pinot-noir-legende-2021\/","title":{"rendered":"Pinot Noir Legende 2021"},"content":{"rendered":"<p>Der weltber\u00fchmte <strong>Pinot Noir<\/strong> bezieht seine Aromen und seine Identit\u00e4t aus dem Land, in dem er angebaut wird. So bringt unser Sp\u00e4tburgunder L\u00e9gende die Typizit\u00e4t dieser gro\u00dfen Rebsorte mit Frische, Fruchtigkeit und Rundheit zum Ausdruck.<\/p>\n<p>Nach traditioneller Methode vinifiziert, ist unser <strong>Pinot Noir L\u00e9gende<\/strong> Ausdruck unserer Vision von Tradition und Terroir durch eine typische Rebsorte. Mit einer mittelgranatroten Farbe offenbart dieser Wein eine sch\u00f6ne aromatische Komplexit\u00e4t und leichte Tannine. Zum Teil aus den Reben des Ortes &#8222;Le Champ du Four&#8220; in <strong>Auvernier<\/strong>, versuchen wir, diesem traditionellen Wein eine sch\u00f6ne Identit\u00e4t zu verleihen. <strong>90 Punkte im Robert Parker&#8217;s Wine Advocate Guide<\/strong> f\u00fcr den Jahrgang 2015.<\/p>\n","protected":false},"excerpt":{"rendered":"<p>Neuheit: Jahrgang 2023<br \/>\nFrucht und leichte Tannine, das zeichnet diesen ultra-knackigen Pinot Noir 2023 aus!<\/p>\n","protected":false},"featured_media":3692,"template":"","meta":{"_acf_changed":false,"inline_featured_image":false},"product_brand":[],"product_cat":[65],"product_tag":[],"class_list":{"0":"post-1558","1":"product","2":"type-product","3":"status-publish","4":"has-post-thumbnail","6":"product_cat-kollektion-legende","8":"first","9":"instock","10":"taxable","11":"shipping-taxable","12":"purchasable","13":"product-type-variable","14":"has-default-attributes"},"acf":[],"_links":{"self":[{"href":"https:\/\/boutique.bouvet-jabloir.ch\/de\/wp-json\/wp\/v2\/product\/1558","targetHints":{"allow":["GET"]}}],"collection":[{"href":"https:\/\/boutique.bouvet-jabloir.ch\/de\/wp-json\/wp\/v2\/product"}],"about":[{"href":"https:\/\/boutique.bouvet-jabloir.ch\/de\/wp-json\/wp\/v2\/types\/product"}],"wp:featuredmedia":[{"embeddable":true,"href":"https:\/\/boutique.bouvet-jabloir.ch\/de\/wp-json\/wp\/v2\/media\/3692"}],"wp:attachment":[{"href":"https:\/\/boutique.bouvet-jabloir.ch\/de\/wp-json\/wp\/v2\/media?parent=1558"}],"wp:term":[{"taxonomy":"product_brand","embeddable":true,"href":"https:\/\/boutique.bouvet-jabloir.ch\/de\/wp-json\/wp\/v2\/product_brand?post=1558"},{"taxonomy":"product_cat","embeddable":true,"href":"https:\/\/boutique.bouvet-jabloir.ch\/de\/wp-json\/wp\/v2\/product_cat?post=1558"},{"taxonomy":"product_tag","embeddable":true,"href":"https:\/\/boutique.bouvet-jabloir.ch\/de\/wp-json\/wp\/v2\/product_tag?post=1558"}],"curies":[{"name":"wp","href":"https:\/\/api.w.org\/{rel}","templated":true}]}}