{"id":3220,"date":"2021-11-23T14:54:03","date_gmt":"2021-11-23T13:54:03","guid":{"rendered":"https:\/\/boutique.bouvet-jabloir.ch\/product\/neuheit-chasselas-legende-2023\/"},"modified":"2025-03-07T13:52:07","modified_gmt":"2025-03-07T12:52:07","slug":"neuheit-chasselas-legende-2023","status":"publish","type":"product","link":"https:\/\/boutique.bouvet-jabloir.ch\/de\/produkt\/neuheit-chasselas-legende-2023\/","title":{"rendered":"Chasselas &#8222;L\u00e9gende&#8220; 2023"},"content":{"rendered":"<p><strong>Der Chasselas<\/strong>, die Ikone des Neuenburger Terroirs, ist mit seinen floralen und kalkgepr\u00e4gten Aromen und seiner verf\u00fchrerischen Frische die perfekte Verk\u00f6rperung des Stils unserer Domaine. Er wurde vom <strong>Wein Guide \u00abRobert Parker\u2019s Wine Advocate\u00bb<\/strong> mit 90 Punkten (Jahrg\u00e4nge 2015 &amp; 2017) bewertet.<\/p>\n<p>Es ist uns ein grosses Anliegen, einen trockenen, lebhaften <strong>Chasselas<\/strong> in gelber Robe mit goldenen Reflexen zu produzieren, der vor allem seine kalkhaltige Mineralit\u00e4t zum Ausdruck bringt, welche massgeblich von der Beschaffenheit der B\u00f6den beeinflusst wird.<\/p>\n<p>Beim <strong>Chasselas<\/strong>, der auf unseren beiden Parzellen \u00abLes Sagnardes\u00bb und \u00abLe Champ du Four\u00bb gedeiht, werden nur Trauben in perfekter phenolischer Reife gelesen, um Ihnen einen geschmackreichen Chasselas in Spitzenqualit\u00e4t anbieten zu k\u00f6nnen.<\/p>\n","protected":false},"excerpt":{"rendered":"<p>Jahrgang 2023<br \/>&gt; 94 Punkte Laurent Probst<br \/>&gt; Gold Medaille an die &#8222;S\u00e9lection&#8220; 2024<\/p>\n","protected":false},"featured_media":4012,"template":"","meta":{"_acf_changed":false,"inline_featured_image":false},"product_brand":[],"product_cat":[65],"product_tag":[],"class_list":{"0":"post-3220","1":"product","2":"type-product","3":"status-publish","4":"has-post-thumbnail","6":"product_cat-kollektion-legende","8":"first","9":"instock","10":"taxable","11":"shipping-taxable","12":"purchasable","13":"product-type-variable","14":"has-default-attributes"},"acf":[],"_links":{"self":[{"href":"https:\/\/boutique.bouvet-jabloir.ch\/de\/wp-json\/wp\/v2\/product\/3220","targetHints":{"allow":["GET"]}}],"collection":[{"href":"https:\/\/boutique.bouvet-jabloir.ch\/de\/wp-json\/wp\/v2\/product"}],"about":[{"href":"https:\/\/boutique.bouvet-jabloir.ch\/de\/wp-json\/wp\/v2\/types\/product"}],"wp:featuredmedia":[{"embeddable":true,"href":"https:\/\/boutique.bouvet-jabloir.ch\/de\/wp-json\/wp\/v2\/media\/4012"}],"wp:attachment":[{"href":"https:\/\/boutique.bouvet-jabloir.ch\/de\/wp-json\/wp\/v2\/media?parent=3220"}],"wp:term":[{"taxonomy":"product_brand","embeddable":true,"href":"https:\/\/boutique.bouvet-jabloir.ch\/de\/wp-json\/wp\/v2\/product_brand?post=3220"},{"taxonomy":"product_cat","embeddable":true,"href":"https:\/\/boutique.bouvet-jabloir.ch\/de\/wp-json\/wp\/v2\/product_cat?post=3220"},{"taxonomy":"product_tag","embeddable":true,"href":"https:\/\/boutique.bouvet-jabloir.ch\/de\/wp-json\/wp\/v2\/product_tag?post=3220"}],"curies":[{"name":"wp","href":"https:\/\/api.w.org\/{rel}","templated":true}]}}