{"id":3663,"date":"2021-12-08T07:43:37","date_gmt":"2021-12-08T06:43:37","guid":{"rendered":"https:\/\/boutique.bouvet-jabloir.ch\/product\/3663\/"},"modified":"2025-02-12T10:06:13","modified_gmt":"2025-02-12T09:06:13","slug":"3663","status":"publish","type":"product","link":"https:\/\/boutique.bouvet-jabloir.ch\/de\/produkt\/3663\/","title":{"rendered":"neu: merlot &#8222;les grand&#8216; vignes&#8220; grands terroirs 2022"},"content":{"rendered":"<p class=\"p1\">Rebsorte:<br \/><i>&gt; Merlot<\/i><\/p>\n<p class=\"p1\">Lage:<br \/><i>&gt; Les Grand\u2019Vignes (Auvernier)<\/i><\/p>\n<p class=\"p1\">Lese:<br \/><i>&gt; Ausschliesslich handverlesen<\/i><\/p>\n<p class=\"p1\">Weinbereitung:<br \/><i>&gt; 30-monatiger Ausbau in Barriques<\/i><\/p>\n<p class=\"p1\">Beschreibung:<br \/><i>&gt; Satte violett Farbe. Ausladende Fruchtintensit\u00e4t mit sehr reifen, teilweise sogar kandierten Beeren. D\u00fcfte von Johannisbeeren, Cassis, Brombeeren, Pflaumen und schliesslich neuem Leder sowie Gew\u00fcrzen.<\/i><\/p>\n<p class=\"p1\">Passt zu:<br \/><i>&gt; Gereiftes rotes Fleisch, Wild Rebsorte<\/i><\/p>\n","protected":false},"excerpt":{"rendered":"<p>Neu: Jahrgang 2022<br \/>&gt; sehr begrenzte Menge<br \/>&gt; 95 points Yves Beck<\/p>\n","protected":false},"featured_media":3871,"template":"","meta":{"_acf_changed":false,"inline_featured_image":false},"product_brand":[],"product_cat":[67],"product_tag":[],"class_list":{"0":"post-3663","1":"product","2":"type-product","3":"status-publish","4":"has-post-thumbnail","6":"product_cat-kollektion-grands-terroirs","8":"first","9":"instock","10":"taxable","11":"shipping-taxable","12":"purchasable","13":"product-type-variable","14":"has-default-attributes"},"acf":[],"_links":{"self":[{"href":"https:\/\/boutique.bouvet-jabloir.ch\/de\/wp-json\/wp\/v2\/product\/3663","targetHints":{"allow":["GET"]}}],"collection":[{"href":"https:\/\/boutique.bouvet-jabloir.ch\/de\/wp-json\/wp\/v2\/product"}],"about":[{"href":"https:\/\/boutique.bouvet-jabloir.ch\/de\/wp-json\/wp\/v2\/types\/product"}],"wp:featuredmedia":[{"embeddable":true,"href":"https:\/\/boutique.bouvet-jabloir.ch\/de\/wp-json\/wp\/v2\/media\/3871"}],"wp:attachment":[{"href":"https:\/\/boutique.bouvet-jabloir.ch\/de\/wp-json\/wp\/v2\/media?parent=3663"}],"wp:term":[{"taxonomy":"product_brand","embeddable":true,"href":"https:\/\/boutique.bouvet-jabloir.ch\/de\/wp-json\/wp\/v2\/product_brand?post=3663"},{"taxonomy":"product_cat","embeddable":true,"href":"https:\/\/boutique.bouvet-jabloir.ch\/de\/wp-json\/wp\/v2\/product_cat?post=3663"},{"taxonomy":"product_tag","embeddable":true,"href":"https:\/\/boutique.bouvet-jabloir.ch\/de\/wp-json\/wp\/v2\/product_tag?post=3663"}],"curies":[{"name":"wp","href":"https:\/\/api.w.org\/{rel}","templated":true}]}}