{"id":3675,"date":"2022-03-07T17:37:59","date_gmt":"2022-03-07T16:37:59","guid":{"rendered":"https:\/\/boutique.bouvet-jabloir.ch\/product\/neu-merlot-signature-2022\/"},"modified":"2025-10-29T20:55:25","modified_gmt":"2025-10-29T19:55:25","slug":"neu-merlot-signature-2022","status":"publish","type":"product","link":"https:\/\/boutique.bouvet-jabloir.ch\/de\/produkt\/neu-merlot-signature-2022\/","title":{"rendered":"neu: merlot signature 2023"},"content":{"rendered":"<p class=\"p1\">Rebsorte:<br \/><i>&gt; Merlot<\/i><\/p>\n<p class=\"p1\">Lage:<br \/><i>&gt; Les Grand\u2019Vignes<\/i><\/p>\n<p class=\"p1\">Lese:<br \/><i>&gt; Ausschliesslich handverlesen<\/i><\/p>\n<p class=\"p1\">Weinbereitung:<br \/><i>&gt; 12-Monatiger Ausbau in Barriques<\/i><\/p>\n<p class=\"p1\">Beschreibung:<br \/><i>Satte violett Farbe. Ausladende Fruchtintensit\u00e4t mit sehr reifen, teilweise sogar kandierten Beeren. D\u00fcfte von Johannisbeeren, Cassis, Brombeeren, Pflaumen und schliesslich neuem Leder sowie Gew\u00fcrzen<\/i><\/p>\n<p class=\"p1\">Passt zu:<br \/><i>&gt; Gereiftes rotes Fleisch, Wild<\/i><\/p>\n","protected":false},"excerpt":{"rendered":"<p>Neu, Jahrgang <strong>2023:<\/strong><br \/>&gt; 92 points Yves Beck<br \/>&gt; 95 Punkte Laurent Probst<\/p>\n","protected":false},"featured_media":4021,"template":"","meta":{"_acf_changed":false,"inline_featured_image":false},"product_brand":[],"product_cat":[69],"product_tag":[],"class_list":{"0":"post-3675","1":"product","2":"type-product","3":"status-publish","4":"has-post-thumbnail","6":"product_cat-kollektion-signature","8":"first","9":"instock","10":"taxable","11":"shipping-taxable","12":"purchasable","13":"product-type-variable","14":"has-default-attributes"},"acf":[],"_links":{"self":[{"href":"https:\/\/boutique.bouvet-jabloir.ch\/de\/wp-json\/wp\/v2\/product\/3675","targetHints":{"allow":["GET"]}}],"collection":[{"href":"https:\/\/boutique.bouvet-jabloir.ch\/de\/wp-json\/wp\/v2\/product"}],"about":[{"href":"https:\/\/boutique.bouvet-jabloir.ch\/de\/wp-json\/wp\/v2\/types\/product"}],"wp:featuredmedia":[{"embeddable":true,"href":"https:\/\/boutique.bouvet-jabloir.ch\/de\/wp-json\/wp\/v2\/media\/4021"}],"wp:attachment":[{"href":"https:\/\/boutique.bouvet-jabloir.ch\/de\/wp-json\/wp\/v2\/media?parent=3675"}],"wp:term":[{"taxonomy":"product_brand","embeddable":true,"href":"https:\/\/boutique.bouvet-jabloir.ch\/de\/wp-json\/wp\/v2\/product_brand?post=3675"},{"taxonomy":"product_cat","embeddable":true,"href":"https:\/\/boutique.bouvet-jabloir.ch\/de\/wp-json\/wp\/v2\/product_cat?post=3675"},{"taxonomy":"product_tag","embeddable":true,"href":"https:\/\/boutique.bouvet-jabloir.ch\/de\/wp-json\/wp\/v2\/product_tag?post=3675"}],"curies":[{"name":"wp","href":"https:\/\/api.w.org\/{rel}","templated":true}]}}